{"id":416,"date":"2022-02-26T15:29:48","date_gmt":"2022-02-26T15:29:48","guid":{"rendered":"https:\/\/xn--dampfknigberlin-etb.de\/?page_id=416"},"modified":"2026-01-06T09:41:04","modified_gmt":"2026-01-06T09:41:04","slug":"lieferdienst","status":"publish","type":"page","link":"https:\/\/xn--dampfknigberlin-etb.de\/?page_id=416","title":{"rendered":"Lieferdienst"},"content":{"rendered":"\t\t<div data-elementor-type=\"wp-page\" data-elementor-id=\"416\" class=\"elementor elementor-416\">\n\t\t\t\t\t\t\t\t\t<section class=\"elementor-section elementor-top-section elementor-element elementor-element-80d2d63 elementor-section-boxed elementor-section-height-default elementor-section-height-default\" data-id=\"80d2d63\" data-element_type=\"section\">\n\t\t\t\t\t\t<div class=\"elementor-container elementor-column-gap-default\">\n\t\t\t\t\t<div class=\"elementor-column elementor-col-100 elementor-top-column elementor-element elementor-element-0865500\" data-id=\"0865500\" data-element_type=\"column\">\n\t\t\t<div class=\"elementor-widget-wrap elementor-element-populated\">\n\t\t\t\t\t\t\t\t<div class=\"elementor-element elementor-element-a019ec9 elementor-widget elementor-widget-image\" data-id=\"a019ec9\" data-element_type=\"widget\" data-widget_type=\"image.default\">\n\t\t\t\t<div class=\"elementor-widget-container\">\n\t\t\t<style>\/*! elementor - v3.15.0 - 09-08-2023 *\/\n.elementor-widget-image{text-align:center}.elementor-widget-image a{display:inline-block}.elementor-widget-image a img[src$=\".svg\"]{width:48px}.elementor-widget-image img{vertical-align:middle;display:inline-block}<\/style>\t\t\t\t\t\t\t\t\t\t\t\t<img loading=\"lazy\" decoding=\"async\" width=\"1024\" height=\"229\" src=\"https:\/\/xn--dampfknigberlin-etb.de\/wp-content\/uploads\/2022\/02\/DK-Express-Website-1024x229.png\" class=\"attachment-large size-large wp-image-420\" alt=\"\" srcset=\"https:\/\/xn--dampfknigberlin-etb.de\/wp-content\/uploads\/2022\/02\/DK-Express-Website-1024x229.png 1024w, https:\/\/xn--dampfknigberlin-etb.de\/wp-content\/uploads\/2022\/02\/DK-Express-Website-300x67.png 300w, https:\/\/xn--dampfknigberlin-etb.de\/wp-content\/uploads\/2022\/02\/DK-Express-Website-768x171.png 768w, https:\/\/xn--dampfknigberlin-etb.de\/wp-content\/uploads\/2022\/02\/DK-Express-Website.png 1366w\" sizes=\"auto, (max-width: 1024px) 100vw, 1024px\" \/>\t\t\t\t\t\t\t\t\t\t\t\t\t\t\t<\/div>\n\t\t\t\t<\/div>\n\t\t\t\t<div class=\"elementor-element elementor-element-1aea275 elementor-widget elementor-widget-heading\" data-id=\"1aea275\" data-element_type=\"widget\" data-widget_type=\"heading.default\">\n\t\t\t\t<div class=\"elementor-widget-container\">\n\t\t\t<style>\/*! elementor - v3.15.0 - 09-08-2023 *\/\n.elementor-heading-title{padding:0;margin:0;line-height:1}.elementor-widget-heading .elementor-heading-title[class*=elementor-size-]>a{color:inherit;font-size:inherit;line-height:inherit}.elementor-widget-heading .elementor-heading-title.elementor-size-small{font-size:15px}.elementor-widget-heading .elementor-heading-title.elementor-size-medium{font-size:19px}.elementor-widget-heading .elementor-heading-title.elementor-size-large{font-size:29px}.elementor-widget-heading .elementor-heading-title.elementor-size-xl{font-size:39px}.elementor-widget-heading .elementor-heading-title.elementor-size-xxl{font-size:59px}<\/style><h3 class=\"elementor-heading-title elementor-size-default\">Schneller als jeder Onlineshop!<\/h3>\t\t<\/div>\n\t\t\t\t<\/div>\n\t\t\t\t<div class=\"elementor-element elementor-element-b509d24 elementor-widget elementor-widget-spacer\" data-id=\"b509d24\" data-element_type=\"widget\" data-widget_type=\"spacer.default\">\n\t\t\t\t<div class=\"elementor-widget-container\">\n\t\t\t<style>\/*! elementor - v3.15.0 - 09-08-2023 *\/\n.elementor-column .elementor-spacer-inner{height:var(--spacer-size)}.e-con{--container-widget-width:100%}.e-con-inner>.elementor-widget-spacer,.e-con>.elementor-widget-spacer{width:var(--container-widget-width,var(--spacer-size));--align-self:var(--container-widget-align-self,initial);--flex-shrink:0}.e-con-inner>.elementor-widget-spacer>.elementor-widget-container,.e-con-inner>.elementor-widget-spacer>.elementor-widget-container>.elementor-spacer,.e-con>.elementor-widget-spacer>.elementor-widget-container,.e-con>.elementor-widget-spacer>.elementor-widget-container>.elementor-spacer{height:100%}.e-con-inner>.elementor-widget-spacer>.elementor-widget-container>.elementor-spacer>.elementor-spacer-inner,.e-con>.elementor-widget-spacer>.elementor-widget-container>.elementor-spacer>.elementor-spacer-inner{height:var(--container-widget-height,var(--spacer-size))}<\/style>\t\t<div class=\"elementor-spacer\">\n\t\t\t<div class=\"elementor-spacer-inner\"><\/div>\n\t\t<\/div>\n\t\t\t\t<\/div>\n\t\t\t\t<\/div>\n\t\t\t\t<div class=\"elementor-element elementor-element-98bc4b4 elementor-widget elementor-widget-text-editor\" data-id=\"98bc4b4\" data-element_type=\"widget\" data-widget_type=\"text-editor.default\">\n\t\t\t\t<div class=\"elementor-widget-container\">\n\t\t\t<style>\/*! elementor - v3.15.0 - 09-08-2023 *\/\n.elementor-widget-text-editor.elementor-drop-cap-view-stacked .elementor-drop-cap{background-color:#69727d;color:#fff}.elementor-widget-text-editor.elementor-drop-cap-view-framed .elementor-drop-cap{color:#69727d;border:3px solid;background-color:transparent}.elementor-widget-text-editor:not(.elementor-drop-cap-view-default) .elementor-drop-cap{margin-top:8px}.elementor-widget-text-editor:not(.elementor-drop-cap-view-default) .elementor-drop-cap-letter{width:1em;height:1em}.elementor-widget-text-editor .elementor-drop-cap{float:left;text-align:center;line-height:1;font-size:50px}.elementor-widget-text-editor .elementor-drop-cap-letter{display:inline-block}<\/style>\t\t\t\t<p style=\"text-align: left;\">Mit unserm <strong><span style=\"color: #0d9a39;\">Dampfk\u00f6nig Express Lieferservice<\/span><\/strong> bieten wir euch die M\u00f6glichkeit schnell und bequem in unseren Offline-Stores zu bestellen und euren Einkauf <strong><span style=\"color: #0d9a39;\">am gleichen Tag<\/span><\/strong> zu erhalten.<\/p>\t\t\t\t\t\t<\/div>\n\t\t\t\t<\/div>\n\t\t\t\t<section class=\"elementor-section elementor-inner-section elementor-element elementor-element-c0e2248 elementor-section-boxed elementor-section-height-default elementor-section-height-default\" data-id=\"c0e2248\" data-element_type=\"section\">\n\t\t\t\t\t\t<div class=\"elementor-container elementor-column-gap-default\">\n\t\t\t\t\t<div class=\"elementor-column elementor-col-50 elementor-inner-column elementor-element elementor-element-cc885c1\" data-id=\"cc885c1\" data-element_type=\"column\">\n\t\t\t<div class=\"elementor-widget-wrap elementor-element-populated\">\n\t\t\t\t\t\t\t\t<div class=\"elementor-element elementor-element-b8b1a71 elementor-widget elementor-widget-heading\" data-id=\"b8b1a71\" data-element_type=\"widget\" data-widget_type=\"heading.default\">\n\t\t\t\t<div class=\"elementor-widget-container\">\n\t\t\t<h5 class=\"elementor-heading-title elementor-size-default\">Wie kann ich bestellen?<\/h5>\t\t<\/div>\n\t\t\t\t<\/div>\n\t\t\t\t<div class=\"elementor-element elementor-element-910c735 elementor-widget elementor-widget-text-editor\" data-id=\"910c735\" data-element_type=\"widget\" data-widget_type=\"text-editor.default\">\n\t\t\t\t<div class=\"elementor-widget-container\">\n\t\t\t\t\t\t\tBestellen kannst du ganz einfach telefonisch im Store unter <strong><span style=\"color: #0d9a39;\"><a style=\"color: #0d9a39;\" href=\"tel:00493031011100\">030 310 111 00<\/a><\/span><\/strong>\t\t\t\t\t\t<\/div>\n\t\t\t\t<\/div>\n\t\t\t\t<div class=\"elementor-element elementor-element-dd68f5e elementor-widget elementor-widget-heading\" data-id=\"dd68f5e\" data-element_type=\"widget\" data-widget_type=\"heading.default\">\n\t\t\t\t<div class=\"elementor-widget-container\">\n\t\t\t<h5 class=\"elementor-heading-title elementor-size-default\">Was kann ich bestellen? <\/h5>\t\t<\/div>\n\t\t\t\t<\/div>\n\t\t\t\t<div class=\"elementor-element elementor-element-c6338d8 elementor-widget elementor-widget-text-editor\" data-id=\"c6338d8\" data-element_type=\"widget\" data-widget_type=\"text-editor.default\">\n\t\t\t\t<div class=\"elementor-widget-container\">\n\t\t\t\t\t\t\t<p>Bestellen kannst du <span style=\"color: #0d9a39;\">alle Artikel<\/span>, die wir vorr\u00e4tig haben.<br \/>Solltest du unser umfangreiches Sortiment noch nicht kennen oder Hilfe <br \/>bei der Auswahl ben\u00f6tigen, beraten wir dich wie gewohnt auch gerne am Telefon.<br \/><span style=\"color: #0d9a39;\"><br \/>Der Mindestebestellwert betr\u00e4gt 79,- \u20ac<\/span><\/p>\t\t\t\t\t\t<\/div>\n\t\t\t\t<\/div>\n\t\t\t\t<div class=\"elementor-element elementor-element-4ab242f elementor-widget elementor-widget-heading\" data-id=\"4ab242f\" data-element_type=\"widget\" data-widget_type=\"heading.default\">\n\t\t\t\t<div class=\"elementor-widget-container\">\n\t\t\t<h5 class=\"elementor-heading-title elementor-size-default\">Wann kann ich bestellen?<\/h5>\t\t<\/div>\n\t\t\t\t<\/div>\n\t\t\t\t<div class=\"elementor-element elementor-element-ed07771 elementor-widget elementor-widget-text-editor\" data-id=\"ed07771\" data-element_type=\"widget\" data-widget_type=\"text-editor.default\">\n\t\t\t\t<div class=\"elementor-widget-container\">\n\t\t\t\t\t\t\t<p>W\u00e4hrend unserer \u00d6ffnungszeiten (Mo. &#8211; Sa. 10 &#8211; 20 Uhr) nehmen <br>wir deine Bestellungen entgegen.<br>Bestellungen die <span style=\"color: #0d9a39;\">bis 14 Uhr&nbsp;<span style=\"color: #000000;\">bei uns eingegangen sind, <\/span><\/span><br><span style=\"color: #0d9a39;\"><span style=\"color: #000000;\">liefern wir am gleichen Tag zu dir.<\/span><\/span><\/p>\n<p>Samstags und Sonntags steht der Lieferservice nicht zur Verf\u00fcgung!<\/p>\t\t\t\t\t\t<\/div>\n\t\t\t\t<\/div>\n\t\t\t\t<div class=\"elementor-element elementor-element-90e77bb elementor-widget elementor-widget-heading\" data-id=\"90e77bb\" data-element_type=\"widget\" data-widget_type=\"heading.default\">\n\t\t\t\t<div class=\"elementor-widget-container\">\n\t\t\t<h5 class=\"elementor-heading-title elementor-size-default\">Wo liefert ihr?<\/h5>\t\t<\/div>\n\t\t\t\t<\/div>\n\t\t\t\t<div class=\"elementor-element elementor-element-f819680 elementor-widget elementor-widget-text-editor\" data-id=\"f819680\" data-element_type=\"widget\" data-widget_type=\"text-editor.default\">\n\t\t\t\t<div class=\"elementor-widget-container\">\n\t\t\t\t\t\t\t<p>Wir liefern <span style=\"color: #0d9a39;\">innerhalb Berlins<\/span>. <br \/>Falkensee ist nach individueller Absprache m\u00f6glich. <br \/>Au\u00dferhalb unseres Liefergebietes ist ein normaler Versand mit DHL m\u00f6glich.<\/p>\t\t\t\t\t\t<\/div>\n\t\t\t\t<\/div>\n\t\t\t\t<div class=\"elementor-element elementor-element-add38d5 elementor-widget elementor-widget-heading\" data-id=\"add38d5\" data-element_type=\"widget\" data-widget_type=\"heading.default\">\n\t\t\t\t<div class=\"elementor-widget-container\">\n\t\t\t<h5 class=\"elementor-heading-title elementor-size-default\">Wie kann ich bezahlen?<\/h5>\t\t<\/div>\n\t\t\t\t<\/div>\n\t\t\t\t<div class=\"elementor-element elementor-element-fa581e4 elementor-widget elementor-widget-text-editor\" data-id=\"fa581e4\" data-element_type=\"widget\" data-widget_type=\"text-editor.default\">\n\t\t\t\t<div class=\"elementor-widget-container\">\n\t\t\t\t\t\t\t<p>Bezahlen kannst du <span style=\"color: #0d9a39;\">Bar<\/span>, mit <span style=\"color: #0d9a39;\">EC Karte<\/span>, mit <span style=\"color: #0d9a39;\">Apple Pay<\/span>, mit <span style=\"color: #0d9a39;\">Google Pay<\/span>, mit <span style=\"color: #0d9a39;\">Visa<\/span> und <span style=\"color: #0d9a39;\">Master Card<span style=\"color: #000000;\">.<\/span><\/span><\/p>\n<p><span style=\"color: #000000;\">F\u00fcr Bestellungen, die mit einem Paketdienst versendet werden, ist ausschlie\u00dflich eine Bezahlung per Vorkasse m\u00f6glich.<\/span><\/p>\t\t\t\t\t\t<\/div>\n\t\t\t\t<\/div>\n\t\t\t\t\t<\/div>\n\t\t<\/div>\n\t\t\t\t<div class=\"elementor-column elementor-col-50 elementor-inner-column elementor-element elementor-element-4cb2029\" data-id=\"4cb2029\" data-element_type=\"column\">\n\t\t\t<div class=\"elementor-widget-wrap elementor-element-populated\">\n\t\t\t\t\t\t\t\t<div class=\"elementor-element elementor-element-3d8be1e animated-slow elementor-invisible elementor-widget elementor-widget-image\" data-id=\"3d8be1e\" data-element_type=\"widget\" data-settings=\"{&quot;_animation&quot;:&quot;zoomIn&quot;}\" data-widget_type=\"image.default\">\n\t\t\t\t<div class=\"elementor-widget-container\">\n\t\t\t\t\t\t\t\t\t\t\t\t\t\t\t<img loading=\"lazy\" decoding=\"async\" width=\"1024\" height=\"566\" src=\"https:\/\/xn--dampfknigberlin-etb.de\/wp-content\/uploads\/2022\/02\/Bildschirmfoto-2022-02-01-um-13.00-1024x566.png\" class=\"attachment-large size-large wp-image-185\" alt=\"\" srcset=\"https:\/\/xn--dampfknigberlin-etb.de\/wp-content\/uploads\/2022\/02\/Bildschirmfoto-2022-02-01-um-13.00-1024x566.png 1024w, https:\/\/xn--dampfknigberlin-etb.de\/wp-content\/uploads\/2022\/02\/Bildschirmfoto-2022-02-01-um-13.00-300x166.png 300w, https:\/\/xn--dampfknigberlin-etb.de\/wp-content\/uploads\/2022\/02\/Bildschirmfoto-2022-02-01-um-13.00-768x425.png 768w, https:\/\/xn--dampfknigberlin-etb.de\/wp-content\/uploads\/2022\/02\/Bildschirmfoto-2022-02-01-um-13.00-1536x850.png 1536w, https:\/\/xn--dampfknigberlin-etb.de\/wp-content\/uploads\/2022\/02\/Bildschirmfoto-2022-02-01-um-13.00.png 1920w\" sizes=\"auto, (max-width: 1024px) 100vw, 1024px\" \/>\t\t\t\t\t\t\t\t\t\t\t\t\t\t\t<\/div>\n\t\t\t\t<\/div>\n\t\t\t\t<div class=\"elementor-element elementor-element-807e303 elementor-widget__width-initial elementor-invisible elementor-widget elementor-widget-text-editor\" data-id=\"807e303\" data-element_type=\"widget\" data-settings=\"{&quot;_animation&quot;:&quot;zoomIn&quot;,&quot;_animation_delay&quot;:200}\" data-widget_type=\"text-editor.default\">\n\t\t\t\t<div class=\"elementor-widget-container\">\n\t\t\t\t\t\t\t<h2 style=\"text-align: center;\"><strong><span style=\"color: #0d9a39;\"><a style=\"color: #0d9a39;\" href=\"tel:+493031011100\"><span style=\"color: #000000;\">Jetzt Bestellen<\/span><br \/><span style=\"color: #ffffff;\">030 310 111 00<\/span><\/a><\/span><\/strong><\/h2>\t\t\t\t\t\t<\/div>\n\t\t\t\t<\/div>\n\t\t\t\t\t<\/div>\n\t\t<\/div>\n\t\t\t\t\t\t\t<\/div>\n\t\t<\/section>\n\t\t\t\t\t<\/div>\n\t\t<\/div>\n\t\t\t\t\t\t\t<\/div>\n\t\t<\/section>\n\t\t\t\t<section class=\"elementor-section elementor-top-section elementor-element elementor-element-4862779 elementor-section-boxed elementor-section-height-default elementor-section-height-default\" data-id=\"4862779\" data-element_type=\"section\">\n\t\t\t\t\t\t<div class=\"elementor-container elementor-column-gap-default\">\n\t\t\t\t\t<div class=\"elementor-column elementor-col-100 elementor-top-column elementor-element elementor-element-ec52fda\" data-id=\"ec52fda\" data-element_type=\"column\">\n\t\t\t<div class=\"elementor-widget-wrap\">\n\t\t\t\t\t\t\t\t\t<\/div>\n\t\t<\/div>\n\t\t\t\t\t\t\t<\/div>\n\t\t<\/section>\n\t\t\t\t\t\t\t<\/div>\n\t\t","protected":false},"excerpt":{"rendered":"<p>Schneller als jeder Onlineshop! Mit unserm Dampfk\u00f6nig Express Lieferservice bieten wir euch die M\u00f6glichkeit schnell und bequem in unseren Offline-Stores zu bestellen und euren Einkauf am gleichen Tag zu erhalten. Wie kann ich bestellen? Bestellen kannst du ganz einfach telefonisch im Store unter 030 310 111 00 Was kann ich bestellen? Bestellen kannst du alle&hellip;&nbsp;<a href=\"https:\/\/xn--dampfknigberlin-etb.de\/?page_id=416\" class=\"\" rel=\"bookmark\">Weiterlesen &raquo;<span class=\"screen-reader-text\">Lieferdienst<\/span><\/a><\/p>\n","protected":false},"author":1,"featured_media":0,"parent":0,"menu_order":0,"comment_status":"closed","ping_status":"closed","template":"page-templates\/template-pagebuilder-full-width.php","meta":{"neve_meta_sidebar":"","neve_meta_container":"","neve_meta_enable_content_width":"","neve_meta_content_width":0,"neve_meta_title_alignment":"","neve_meta_author_avatar":"","neve_post_elements_order":"","neve_meta_disable_header":"","neve_meta_disable_footer":"","neve_meta_disable_title":"","footnotes":""},"class_list":["post-416","page","type-page","status-publish","hentry"],"_links":{"self":[{"href":"https:\/\/xn--dampfknigberlin-etb.de\/index.php?rest_route=\/wp\/v2\/pages\/416","targetHints":{"allow":["GET"]}}],"collection":[{"href":"https:\/\/xn--dampfknigberlin-etb.de\/index.php?rest_route=\/wp\/v2\/pages"}],"about":[{"href":"https:\/\/xn--dampfknigberlin-etb.de\/index.php?rest_route=\/wp\/v2\/types\/page"}],"author":[{"embeddable":true,"href":"https:\/\/xn--dampfknigberlin-etb.de\/index.php?rest_route=\/wp\/v2\/users\/1"}],"replies":[{"embeddable":true,"href":"https:\/\/xn--dampfknigberlin-etb.de\/index.php?rest_route=%2Fwp%2Fv2%2Fcomments&post=416"}],"version-history":[{"count":43,"href":"https:\/\/xn--dampfknigberlin-etb.de\/index.php?rest_route=\/wp\/v2\/pages\/416\/revisions"}],"predecessor-version":[{"id":679,"href":"https:\/\/xn--dampfknigberlin-etb.de\/index.php?rest_route=\/wp\/v2\/pages\/416\/revisions\/679"}],"wp:attachment":[{"href":"https:\/\/xn--dampfknigberlin-etb.de\/index.php?rest_route=%2Fwp%2Fv2%2Fmedia&parent=416"}],"curies":[{"name":"wp","href":"https:\/\/api.w.org\/{rel}","templated":true}]}}